{"id":28,"date":"2021-12-09T06:41:34","date_gmt":"2021-12-09T06:41:34","guid":{"rendered":"https:\/\/www.jj-katsastus.fi\/?page_id=28"},"modified":"2021-12-27T07:13:24","modified_gmt":"2021-12-27T05:13:24","slug":"onko-katsastus-ajankohtainen","status":"publish","type":"page","link":"https:\/\/www.jj-katsastus.fi\/index.php\/onko-katsastus-ajankohtainen\/","title":{"rendered":""},"content":{"rendered":"\n<p>JJ-Katsastus on reilu, hyv\u00e4 ja t\u00e4ysin suomalainen katsastusasema Suolahdessa, joka on perustettu vuonna 2022. Jos tarvitset henkil\u00f6- tai pakettiauton katsastuksen niin tervetuloa Suolahden toimipisteelle. Teemme my\u00f6s rekister\u00f6intej\u00e4 ja omistajanvaihtoja. Meill\u00e4 hinnat ovat kohtuulliset ja palvelu moitteetonta \u2013 teet\u00e4 siis autosi katsastus meill\u00e4!<\/p>\n","protected":false},"excerpt":{"rendered":"<p>JJ-Katsastus on reilu, hyv\u00e4 ja t\u00e4ysin suomalainen katsastusasema Suolahdessa, joka on perustettu vuonna 2022. Jos tarvitset henkil\u00f6- tai pakettiauton katsastuksen niin tervetuloa Suolahden toimipisteelle. Teemme my\u00f6s rekister\u00f6intej\u00e4 ja omistajanvaihtoja. Meill\u00e4 &#8230;<\/p>\n","protected":false},"author":1,"featured_media":0,"parent":0,"menu_order":0,"comment_status":"closed","ping_status":"closed","template":"","meta":{"footnotes":""},"class_list":["post-28","page","type-page","status-publish","hentry"],"yoast_head":"<!-- This site is optimized with the Yoast SEO plugin v27.5 - https:\/\/yoast.com\/product\/yoast-seo-wordpress\/ -->\n<title>- JJ-Katsastus Oy Suolahti<\/title>\n<meta name=\"robots\" content=\"index, follow, max-snippet:-1, max-image-preview:large, max-video-preview:-1\" \/>\n<link rel=\"canonical\" href=\"https:\/\/www.jj-katsastus.fi\/index.php\/onko-katsastus-ajankohtainen\/\" \/>\n<meta property=\"og:locale\" content=\"fi_FI\" \/>\n<meta property=\"og:type\" content=\"article\" \/>\n<meta property=\"og:title\" content=\"- JJ-Katsastus Oy Suolahti\" \/>\n<meta property=\"og:description\" content=\"JJ-Katsastus on reilu, hyv\u00e4 ja t\u00e4ysin suomalainen katsastusasema Suolahdessa, joka on perustettu vuonna 2022. Jos tarvitset henkil\u00f6- tai pakettiauton katsastuksen niin tervetuloa Suolahden toimipisteelle. Teemme my\u00f6s rekister\u00f6intej\u00e4 ja omistajanvaihtoja. Meill\u00e4 ...\" \/>\n<meta property=\"og:url\" content=\"https:\/\/www.jj-katsastus.fi\/index.php\/onko-katsastus-ajankohtainen\/\" \/>\n<meta property=\"og:site_name\" content=\"JJ-Katsastus Oy Suolahti\" \/>\n<meta property=\"article:modified_time\" content=\"2021-12-27T05:13:24+00:00\" \/>\n<meta name=\"twitter:card\" content=\"summary_large_image\" \/>\n<meta name=\"twitter:label1\" content=\"Arvioitu lukuaika\" \/>\n\t<meta name=\"twitter:data1\" content=\"1 minuutti\" \/>\n<script type=\"application\/ld+json\" class=\"yoast-schema-graph\">{\"@context\":\"https:\\\/\\\/schema.org\",\"@graph\":[{\"@type\":\"WebPage\",\"@id\":\"https:\\\/\\\/www.jj-katsastus.fi\\\/index.php\\\/onko-katsastus-ajankohtainen\\\/\",\"url\":\"https:\\\/\\\/www.jj-katsastus.fi\\\/index.php\\\/onko-katsastus-ajankohtainen\\\/\",\"name\":\"- JJ-Katsastus Oy Suolahti\",\"isPartOf\":{\"@id\":\"https:\\\/\\\/www.jj-katsastus.fi\\\/#website\"},\"datePublished\":\"2021-12-09T06:41:34+00:00\",\"dateModified\":\"2021-12-27T05:13:24+00:00\",\"inLanguage\":\"fi\",\"potentialAction\":[{\"@type\":\"ReadAction\",\"target\":[\"https:\\\/\\\/www.jj-katsastus.fi\\\/index.php\\\/onko-katsastus-ajankohtainen\\\/\"]}]},{\"@type\":\"WebSite\",\"@id\":\"https:\\\/\\\/www.jj-katsastus.fi\\\/#website\",\"url\":\"https:\\\/\\\/www.jj-katsastus.fi\\\/\",\"name\":\"JJ-Katsastus Oy Suolahti\",\"description\":\"JJ-Katsastus on reilu, hyv&auml; ja t&auml;ysin suomalainen katsastusasema Suolahdessa, joka on perustettu vuonna 2022. Jos tarvitset henkil&ouml;- tai pakettiauton katsastuksen niin tervetuloa Suolahden toimipisteelle. Teemme my&ouml;s rekister&ouml;intej&auml; ja omistajanvaihtoja. Meill&auml; hinnat ovat kohtuulliset ja palvelu moitteetonta &ndash; teet&auml; siis autosi katsastus meill&auml;!\",\"publisher\":{\"@id\":\"https:\\\/\\\/www.jj-katsastus.fi\\\/#organization\"},\"potentialAction\":[{\"@type\":\"SearchAction\",\"target\":{\"@type\":\"EntryPoint\",\"urlTemplate\":\"https:\\\/\\\/www.jj-katsastus.fi\\\/?s={search_term_string}\"},\"query-input\":{\"@type\":\"PropertyValueSpecification\",\"valueRequired\":true,\"valueName\":\"search_term_string\"}}],\"inLanguage\":\"fi\"},{\"@type\":\"Organization\",\"@id\":\"https:\\\/\\\/www.jj-katsastus.fi\\\/#organization\",\"name\":\"JJ-Katsastus Oy\",\"url\":\"https:\\\/\\\/www.jj-katsastus.fi\\\/\",\"logo\":{\"@type\":\"ImageObject\",\"inLanguage\":\"fi\",\"@id\":\"https:\\\/\\\/www.jj-katsastus.fi\\\/#\\\/schema\\\/logo\\\/image\\\/\",\"url\":\"https:\\\/\\\/www.jj-katsastus.fi\\\/wp-content\\\/uploads\\\/2021\\\/12\\\/logo.png\",\"contentUrl\":\"https:\\\/\\\/www.jj-katsastus.fi\\\/wp-content\\\/uploads\\\/2021\\\/12\\\/logo.png\",\"width\":320,\"height\":72,\"caption\":\"JJ-Katsastus Oy\"},\"image\":{\"@id\":\"https:\\\/\\\/www.jj-katsastus.fi\\\/#\\\/schema\\\/logo\\\/image\\\/\"}}]}<\/script>\n<!-- \/ Yoast SEO plugin. -->","yoast_head_json":{"title":"- JJ-Katsastus Oy Suolahti","robots":{"index":"index","follow":"follow","max-snippet":"max-snippet:-1","max-image-preview":"max-image-preview:large","max-video-preview":"max-video-preview:-1"},"canonical":"https:\/\/www.jj-katsastus.fi\/index.php\/onko-katsastus-ajankohtainen\/","og_locale":"fi_FI","og_type":"article","og_title":"- JJ-Katsastus Oy Suolahti","og_description":"JJ-Katsastus on reilu, hyv\u00e4 ja t\u00e4ysin suomalainen katsastusasema Suolahdessa, joka on perustettu vuonna 2022. Jos tarvitset henkil\u00f6- tai pakettiauton katsastuksen niin tervetuloa Suolahden toimipisteelle. Teemme my\u00f6s rekister\u00f6intej\u00e4 ja omistajanvaihtoja. Meill\u00e4 ...","og_url":"https:\/\/www.jj-katsastus.fi\/index.php\/onko-katsastus-ajankohtainen\/","og_site_name":"JJ-Katsastus Oy Suolahti","article_modified_time":"2021-12-27T05:13:24+00:00","twitter_card":"summary_large_image","twitter_misc":{"Arvioitu lukuaika":"1 minuutti"},"schema":{"@context":"https:\/\/schema.org","@graph":[{"@type":"WebPage","@id":"https:\/\/www.jj-katsastus.fi\/index.php\/onko-katsastus-ajankohtainen\/","url":"https:\/\/www.jj-katsastus.fi\/index.php\/onko-katsastus-ajankohtainen\/","name":"- JJ-Katsastus Oy Suolahti","isPartOf":{"@id":"https:\/\/www.jj-katsastus.fi\/#website"},"datePublished":"2021-12-09T06:41:34+00:00","dateModified":"2021-12-27T05:13:24+00:00","inLanguage":"fi","potentialAction":[{"@type":"ReadAction","target":["https:\/\/www.jj-katsastus.fi\/index.php\/onko-katsastus-ajankohtainen\/"]}]},{"@type":"WebSite","@id":"https:\/\/www.jj-katsastus.fi\/#website","url":"https:\/\/www.jj-katsastus.fi\/","name":"JJ-Katsastus Oy Suolahti","description":"JJ-Katsastus on reilu, hyv&auml; ja t&auml;ysin suomalainen katsastusasema Suolahdessa, joka on perustettu vuonna 2022. Jos tarvitset henkil&ouml;- tai pakettiauton katsastuksen niin tervetuloa Suolahden toimipisteelle. Teemme my&ouml;s rekister&ouml;intej&auml; ja omistajanvaihtoja. Meill&auml; hinnat ovat kohtuulliset ja palvelu moitteetonta &ndash; teet&auml; siis autosi katsastus meill&auml;!","publisher":{"@id":"https:\/\/www.jj-katsastus.fi\/#organization"},"potentialAction":[{"@type":"SearchAction","target":{"@type":"EntryPoint","urlTemplate":"https:\/\/www.jj-katsastus.fi\/?s={search_term_string}"},"query-input":{"@type":"PropertyValueSpecification","valueRequired":true,"valueName":"search_term_string"}}],"inLanguage":"fi"},{"@type":"Organization","@id":"https:\/\/www.jj-katsastus.fi\/#organization","name":"JJ-Katsastus Oy","url":"https:\/\/www.jj-katsastus.fi\/","logo":{"@type":"ImageObject","inLanguage":"fi","@id":"https:\/\/www.jj-katsastus.fi\/#\/schema\/logo\/image\/","url":"https:\/\/www.jj-katsastus.fi\/wp-content\/uploads\/2021\/12\/logo.png","contentUrl":"https:\/\/www.jj-katsastus.fi\/wp-content\/uploads\/2021\/12\/logo.png","width":320,"height":72,"caption":"JJ-Katsastus Oy"},"image":{"@id":"https:\/\/www.jj-katsastus.fi\/#\/schema\/logo\/image\/"}}]}},"_links":{"self":[{"href":"https:\/\/www.jj-katsastus.fi\/index.php\/wp-json\/wp\/v2\/pages\/28","targetHints":{"allow":["GET"]}}],"collection":[{"href":"https:\/\/www.jj-katsastus.fi\/index.php\/wp-json\/wp\/v2\/pages"}],"about":[{"href":"https:\/\/www.jj-katsastus.fi\/index.php\/wp-json\/wp\/v2\/types\/page"}],"author":[{"embeddable":true,"href":"https:\/\/www.jj-katsastus.fi\/index.php\/wp-json\/wp\/v2\/users\/1"}],"replies":[{"embeddable":true,"href":"https:\/\/www.jj-katsastus.fi\/index.php\/wp-json\/wp\/v2\/comments?post=28"}],"version-history":[{"count":7,"href":"https:\/\/www.jj-katsastus.fi\/index.php\/wp-json\/wp\/v2\/pages\/28\/revisions"}],"predecessor-version":[{"id":155,"href":"https:\/\/www.jj-katsastus.fi\/index.php\/wp-json\/wp\/v2\/pages\/28\/revisions\/155"}],"wp:attachment":[{"href":"https:\/\/www.jj-katsastus.fi\/index.php\/wp-json\/wp\/v2\/media?parent=28"}],"curies":[{"name":"wp","href":"https:\/\/api.w.org\/{rel}","templated":true}]}}